{"id":219,"date":"2018-09-17T11:22:33","date_gmt":"2018-09-17T11:22:33","guid":{"rendered":"http:\/\/themes.axilweb.com\/wp\/cynic\/trendy-small-digital-agency\/?page_id=219"},"modified":"2018-09-17T11:22:33","modified_gmt":"2018-09-17T11:22:33","slug":"case-studies","status":"publish","type":"page","link":"https:\/\/www.securityservip.com\/index.php\/case-studies\/","title":{"rendered":"Case Studies"},"content":{"rendered":"<p>[vc_section el_class=&#8221;case-studies-grid-wrapper section-padding&#8221;][vc_row][vc_column]            <svg class=\"bg-shape shape-case-study reveal-from-left\" xmlns=\"http:\/\/www.w3.org\/2000\/svg\" xmlns:xlink=\"http:\/\/www.w3.org\/1999\/xlink\"\r\n                 width=\"779px\" height=\"759px\">\r\n                <defs>\r\n                    <linearGradient id=\"PSgrad_03\" x1=\"70.711%\" x2=\"0%\" y1=\"70.711%\" y2=\"0%\">\r\n                        <stop offset=\"0%\" stop-color=\"rgb(237,247,255)\" stop-opacity=\"1\" \/>\r\n                        <stop offset=\"100%\" stop-color=\"rgb(237,247,255)\" stop-opacity=\"0\" \/>\r\n                    <\/linearGradient>\r\n\r\n                <\/defs>\r\n                <path fill-rule=\"evenodd\" fill=\"url(#PSgrad_03)\" d=\"M111.652,578.171 L218.141,672.919 C355.910,795.500 568.207,784.561 692.320,648.484 C816.434,512.409 805.362,302.726 667.592,180.144 L561.104,85.396 C423.334,-37.184 211.037,-26.245 86.924,109.832 C-37.189,245.908 -26.118,455.590 111.652,578.171 Z\"\r\n                \/>\r\n            <\/svg>\r\n            <div class=\"container\">\r\n                <div class=\"case-study-showcase\">\r\n                    <div class=\"row equalHeightWrapper\">\r\n                                                    <div class=\"item col-md-6\">\r\n                                <a href=\"https:\/\/www.securityservip.com\/index.php\/case-study\/politica\/\" class=\"case-study-content-block content-block text-left\">\r\n                                    <div class=\"img-container\">\r\n                                        <img loading=\"lazy\" decoding=\"async\" width=\"524\" height=\"460\" src=\"https:\/\/www.securityservip.com\/wp-content\/uploads\/2018\/08\/case-study-2.jpg\" class=\"img-fluid wp-post-image\" alt=\"\" srcset=\"https:\/\/www.securityservip.com\/wp-content\/uploads\/2018\/08\/case-study-2.jpg 524w, https:\/\/www.securityservip.com\/wp-content\/uploads\/2018\/08\/case-study-2-300x263.jpg 300w, https:\/\/www.securityservip.com\/wp-content\/uploads\/2018\/08\/case-study-2-153x133.jpg 153w\" sizes=\"auto, (max-width: 524px) 100vw, 524px\" \/>                                    <\/div>\r\n                                    <!-- End of .img-container -->\r\n                                    <div class=\"txt-content equalHeight\">\r\n                                        <h5>Politica<\/h5>\r\n                                        <p>Nuestra Pol\u00edtica de seguridad nos compromete con la prestaci\u00f3n efectiva de servicios en materia de seguridad privada, a trav\u00e9s de un personal competente y confiable, mediante un proceso planificado de cumplimiento legal que reduzca las actividades il\u00edcitas en nuestras operaciones.<\/p>\r\n                                    <\/div>\r\n                                    <!-- End of .txt-content -->\r\n                                <\/a>\r\n                                <!-- End of .featured-content-block -->\r\n                            <\/div>\r\n                                                        <div class=\"item col-md-6\">\r\n                                <a href=\"https:\/\/www.securityservip.com\/index.php\/case-study\/valores\/\" class=\"case-study-content-block content-block text-left\">\r\n                                    <div class=\"img-container\">\r\n                                        <img loading=\"lazy\" decoding=\"async\" width=\"524\" height=\"460\" src=\"https:\/\/www.securityservip.com\/wp-content\/uploads\/2018\/08\/case-study-1.jpg\" class=\"img-fluid wp-post-image\" alt=\"\" srcset=\"https:\/\/www.securityservip.com\/wp-content\/uploads\/2018\/08\/case-study-1.jpg 524w, https:\/\/www.securityservip.com\/wp-content\/uploads\/2018\/08\/case-study-1-300x263.jpg 300w, https:\/\/www.securityservip.com\/wp-content\/uploads\/2018\/08\/case-study-1-153x133.jpg 153w\" sizes=\"auto, (max-width: 524px) 100vw, 524px\" \/>                                    <\/div>\r\n                                    <!-- End of .img-container -->\r\n                                    <div class=\"txt-content equalHeight\">\r\n                                        <h5>Valores<\/h5>\r\n                                        <p>Los principales valores que identifican nuestro accionar e identidad corporativa son la integridad, compromiso, honestidad y profesionalidad, orientados de manera equitativa a la prestaci\u00f3n de nuestros servicios.<\/p>\r\n                                    <\/div>\r\n                                    <!-- End of .txt-content -->\r\n                                <\/a>\r\n                                <!-- End of .featured-content-block -->\r\n                            <\/div>\r\n                                                        <div class=\"item col-md-6\">\r\n                                <a href=\"https:\/\/www.securityservip.com\/index.php\/case-study\/fortaleza-y-mercado\/\" class=\"case-study-content-block content-block text-left\">\r\n                                    <div class=\"img-container\">\r\n                                        <img loading=\"lazy\" decoding=\"async\" width=\"524\" height=\"460\" src=\"https:\/\/www.securityservip.com\/wp-content\/uploads\/2018\/08\/case-study-6.jpg\" class=\"img-fluid wp-post-image\" alt=\"\" srcset=\"https:\/\/www.securityservip.com\/wp-content\/uploads\/2018\/08\/case-study-6.jpg 524w, https:\/\/www.securityservip.com\/wp-content\/uploads\/2018\/08\/case-study-6-300x263.jpg 300w, https:\/\/www.securityservip.com\/wp-content\/uploads\/2018\/08\/case-study-6-153x133.jpg 153w\" sizes=\"auto, (max-width: 524px) 100vw, 524px\" \/>                                    <\/div>\r\n                                    <!-- End of .img-container -->\r\n                                    <div class=\"txt-content equalHeight\">\r\n                                        <h5>Fortaleza y Mercado<\/h5>\r\n                                        <p>Solidez y experiencia de mercado como marca establecida operando continuamente en el mercado local. Legalidad vigente y actualizada sobre normas y documentos requeridos por nuestros organismos reguladores. Programa de capacitaci\u00f3n, entrenamiento e inducci\u00f3n a todo el personal de ingreso a la empresa, depurados mediante la asistencia de huellas de la polic\u00eda nacional y visita domiciliaria<\/p>\r\n                                    <\/div>\r\n                                    <!-- End of .txt-content -->\r\n                                <\/a>\r\n                                <!-- End of .featured-content-block -->\r\n                            <\/div>\r\n                                                <\/div><!--row-->\r\n                                    <\/div>\r\n            <\/div>\r\n\r\n            [\/vc_column][\/vc_row][\/vc_section]<\/p>\n","protected":false},"excerpt":{"rendered":"<p>[vc_section el_class=&#8221;case-studies-grid-wrapper section-padding&#8221;][vc_row][vc_column][\/vc_column][\/vc_row][\/vc_section]<\/p>\n","protected":false},"author":1,"featured_media":0,"parent":0,"menu_order":0,"comment_status":"closed","ping_status":"closed","template":"","meta":{"footnotes":""},"class_list":["post-219","page","type-page","status-publish","hentry"],"_links":{"self":[{"href":"https:\/\/www.securityservip.com\/index.php\/wp-json\/wp\/v2\/pages\/219","targetHints":{"allow":["GET"]}}],"collection":[{"href":"https:\/\/www.securityservip.com\/index.php\/wp-json\/wp\/v2\/pages"}],"about":[{"href":"https:\/\/www.securityservip.com\/index.php\/wp-json\/wp\/v2\/types\/page"}],"author":[{"embeddable":true,"href":"https:\/\/www.securityservip.com\/index.php\/wp-json\/wp\/v2\/users\/1"}],"replies":[{"embeddable":true,"href":"https:\/\/www.securityservip.com\/index.php\/wp-json\/wp\/v2\/comments?post=219"}],"version-history":[{"count":0,"href":"https:\/\/www.securityservip.com\/index.php\/wp-json\/wp\/v2\/pages\/219\/revisions"}],"wp:attachment":[{"href":"https:\/\/www.securityservip.com\/index.php\/wp-json\/wp\/v2\/media?parent=219"}],"curies":[{"name":"wp","href":"https:\/\/api.w.org\/{rel}","templated":true}]}}