{"id":225,"date":"2018-09-17T11:52:56","date_gmt":"2018-09-17T11:52:56","guid":{"rendered":"http:\/\/themes.axilweb.com\/wp\/cynic\/trendy-small-digital-agency\/?page_id=225"},"modified":"2026-02-22T20:07:56","modified_gmt":"2026-02-23T01:07:56","slug":"acerca-de-nosotros","status":"publish","type":"page","link":"https:\/\/www.securityservip.com\/index.php\/acerca-de-nosotros\/","title":{"rendered":"Acerca de Nosotros"},"content":{"rendered":"<p>[vc_section el_class=&#8221;about-us section-padding inner-page-about-us&#8221;][vc_row][vc_column]\r\n                    <svg class=\"bg-shape shape-about reveal-from-bottom\" xmlns=\"http:\/\/www.w3.org\/2000\/svg\" xmlns:xlink=\"http:\/\/www.w3.org\/1999\/xlink\"\r\n                 width=\"779px\" height=\"759px\">\r\n                <defs>\r\n                    <linearGradient id=\"PSgrad_03\" x1=\"70.711%\" x2=\"0%\" y1=\"70.711%\" y2=\"0%\">\r\n                        <stop offset=\"0%\" stop-color=\"rgb(237,247,255)\" stop-opacity=\"1\" \/>\r\n                        <stop offset=\"100%\" stop-color=\"rgb(237,247,255)\" stop-opacity=\"0\" \/>\r\n                    <\/linearGradient>\r\n\r\n                <\/defs>\r\n                <path fill-rule=\"evenodd\" fill=\"url(#PSgrad_03)\" d=\"M111.652,578.171 L218.141,672.919 C355.910,795.500 568.207,784.561 692.320,648.484 C816.434,512.409 805.362,302.726 667.592,180.144 L561.104,85.396 C423.334,-37.184 211.037,-26.245 86.924,109.832 C-37.189,245.908 -26.118,455.590 111.652,578.171 Z\"\r\n                \/>\r\n            <\/svg>\r\n\r\n        <div class=\"container\">\r\n            <div class=\"row align-items-center\">\r\n                <div class=\"col-lg-6\">\r\n                    <img decoding=\"async\" src=\"https:\/\/www.securityservip.com\/wp-content\/uploads\/2026\/02\/484189198_17966566193851882_2063969628972682203_n.jpg\" alt=\"about image\" class=\"img-fluid img-round\">\r\n                <\/div>\r\n                <!-- End of .col-md-6 -->\r\n\r\n                <div class=\"col-lg-6\">\r\n                    <h2>Somos su socio en su \u00e9xito<\/h2>\r\n                    Empresa dedicada a la prestaci\u00f3n de servicios de seguridad, enmarca su visi\u00f3n comercial en garantizar la protecci\u00f3n a la vida y los bienes de sus clientes bajo el sello distintivo: Orientados a protegerte.<\/p><span class=\"newline\"><\/span><p>POLITICA:<\/p><span class=\"newline\"><\/span><p>Nuestra Pol\u00edtica de seguridad nos compromete con la prestaci\u00f3n efectiva de servicios en materia de seguridad privada, a trav\u00e9s de un personal competente y confiable, mediante un proceso planificado de cumplimiento legal que reduzca las actividades il\u00edcitas en nuestras operaciones.<\/p><span class=\"newline\"><\/span><p>VALORES:<\/p><span class=\"newline\"><\/span><p>Los principales valores que identifican nuestro accionar e identidad corporativa son la integridad, compromiso, honestidad y profesionalidad, orientados de manera equitativa a la prestaci\u00f3n de nuestros servicios.<\/p><span class=\"newline\"><\/span><p>FORTALEZA Y MERCADO:<\/p><span class=\"newline\"><\/span><ul><span class=\"newline\"><\/span><li>Solidez y experiencia de mercado como marca establecida operando continuamente en el mercado local.<\/li><span class=\"newline\"><\/span><li>Legalidad vigente y actualizada sobre normas y documentos requeridos por nuestros organismos reguladores.<\/li><span class=\"newline\"><\/span><li>Programa de capacitaci\u00f3n, entrenamiento e inducci\u00f3n a todo el personal de ingreso a la empresa, depurados mediante la asistencia de huellas de la polic\u00eda nacional y visita domiciliaria f\u00edsica.<\/li><span class=\"newline\"><\/span><li>Supervisi\u00f3n nocturna y patrullaje aleatorio monitoreado.<\/li><span class=\"newline\"><\/span><li>Levantamiento del \u00e1rea a custodiar a fin de la coordinaci\u00f3n de la gesti\u00f3n de la orden de puestos requerida por turnos de custodia, evaluaci\u00f3n de riesgos y recomendaciones.<\/li><span class=\"newline\"><\/span><\/ul><span class=\"newline\"><\/span><div class=\"counter-wrapper inner-page-counter-wrapper d-flex justify-content-between\">\r\n                                                            <div class=\"inner-block\">\r\n                                    <div class=\"counter-block d-block  txt-grad-ab\">\r\n                                        <span class=\"counter\">1500<\/span>+\r\n                                    <\/div>\r\n                                    CLIENTES FELICES                                <\/div>\r\n                                                            <div class=\"inner-block\">\r\n                                    <div class=\"counter-block d-block  txt-grad-ef\">\r\n                                        <span class=\"counter\">250<\/span>+\r\n                                    <\/div>\r\n                                    ACTIVIDADES PROTEGIDAS                                <\/div>\r\n                                                            <div class=\"inner-block\">\r\n                                    <div class=\"counter-block d-block  txt-grad-cd\">\r\n                                        <span class=\"counter\">10<\/span>+\r\n                                    <\/div>\r\n                                    ACTIVIDADES EN CURSO                                <\/div>\r\n                                                    <\/div>\r\n                        <!-- End of .counter-block -->\r\n                                    <\/div>\r\n                <!-- End of .col-lg-6 -->\r\n            <\/div>\r\n        <\/div>\r\n        <!-- End of .container -->\r\n        [\/vc_column][\/vc_row][\/vc_section]<\/p>\n","protected":false},"excerpt":{"rendered":"<p>[vc_section el_class=&#8221;about-us section-padding inner-page-about-us&#8221;][vc_row][vc_column][\/vc_column][\/vc_row][\/vc_section]<\/p>\n","protected":false},"author":1,"featured_media":0,"parent":0,"menu_order":0,"comment_status":"closed","ping_status":"closed","template":"template-modernpage.php","meta":{"footnotes":""},"class_list":["post-225","page","type-page","status-publish","hentry"],"_links":{"self":[{"href":"https:\/\/www.securityservip.com\/index.php\/wp-json\/wp\/v2\/pages\/225","targetHints":{"allow":["GET"]}}],"collection":[{"href":"https:\/\/www.securityservip.com\/index.php\/wp-json\/wp\/v2\/pages"}],"about":[{"href":"https:\/\/www.securityservip.com\/index.php\/wp-json\/wp\/v2\/types\/page"}],"author":[{"embeddable":true,"href":"https:\/\/www.securityservip.com\/index.php\/wp-json\/wp\/v2\/users\/1"}],"replies":[{"embeddable":true,"href":"https:\/\/www.securityservip.com\/index.php\/wp-json\/wp\/v2\/comments?post=225"}],"version-history":[{"count":3,"href":"https:\/\/www.securityservip.com\/index.php\/wp-json\/wp\/v2\/pages\/225\/revisions"}],"predecessor-version":[{"id":664,"href":"https:\/\/www.securityservip.com\/index.php\/wp-json\/wp\/v2\/pages\/225\/revisions\/664"}],"wp:attachment":[{"href":"https:\/\/www.securityservip.com\/index.php\/wp-json\/wp\/v2\/media?parent=225"}],"curies":[{"name":"wp","href":"https:\/\/api.w.org\/{rel}","templated":true}]}}